{"id":1390,"date":"2024-12-09T08:35:18","date_gmt":"2024-12-09T07:35:18","guid":{"rendered":"https:\/\/jambucket.hr\/?page_id=1390"},"modified":"2024-12-09T12:25:15","modified_gmt":"2024-12-09T11:25:15","slug":"financira-europska-unija-next-generation-eu","status":"publish","type":"page","link":"https:\/\/jambucket.hr\/en\/financira-europska-unija-next-generation-eu\/","title":{"rendered":"EU projekti"},"content":{"rendered":"<div data-elementor-type=\"wp-page\" data-elementor-id=\"1390\" class=\"elementor elementor-1390\" data-elementor-post-type=\"page\">\n\t\t\t\t<div class=\"elementor-element elementor-element-4f6facc e-flex e-con-boxed e-con e-parent\" data-id=\"4f6facc\" data-element_type=\"container\">\n\t\t\t\t\t<div class=\"e-con-inner\">\n\t\t<div class=\"elementor-element elementor-element-8ea287f e-con-full e-flex e-con e-child\" data-id=\"8ea287f\" data-element_type=\"container\">\n\t\t\t\t<div class=\"elementor-element elementor-element-684cd95 elementor-widget__width-inherit elementor-widget elementor-widget-theme-post-title elementor-page-title elementor-widget-heading\" data-id=\"684cd95\" data-element_type=\"widget\" data-widget_type=\"theme-post-title.default\">\n\t\t\t\t<div class=\"elementor-widget-container\">\n\t\t\t<h1 class=\"elementor-heading-title elementor-size-default\">EU projekti<\/h1>\t\t<\/div>\n\t\t\t\t<\/div>\n\t\t\t\t<div class=\"elementor-element elementor-element-1582db0 elementor-widget elementor-widget-heading\" data-id=\"1582db0\" data-element_type=\"widget\" data-widget_type=\"heading.default\">\n\t\t\t\t<div class=\"elementor-widget-container\">\n\t\t\t<h3 class=\"elementor-heading-title elementor-size-default\">Projekt \"Vau\u010deri za digitalizaciju\"<br>\nReferentni broj: NPOO.C1.1.2. R3-12.01\n<\/h3>\t\t<\/div>\n\t\t\t\t<\/div>\n\t\t\t\t<div class=\"elementor-element elementor-element-ddd9099 blog-content-container elementor-widget elementor-widget-text-editor\" data-id=\"ddd9099\" data-element_type=\"widget\" data-widget_type=\"text-editor.default\">\n\t\t\t\t<div class=\"elementor-widget-container\">\n\t\t\t\t\t\t\t<div class=\"elementor-element elementor-element-b80e567 elementor-widget elementor-widget-heading\" data-id=\"b80e567\" data-element_type=\"widget\" data-widget_type=\"heading.default\"><div class=\"elementor-widget-container\"><h2 class=\"elementor-heading-title elementor-size-default\">Kratki opis projekta:<\/h2><\/div><\/div><div class=\"elementor-element elementor-element-0bf4966 elementor-widget elementor-widget-text-editor\" data-id=\"0bf4966\" data-element_type=\"widget\" data-widget_type=\"text-editor.default\"><div class=\"elementor-widget-container\"><p>Projekt se odnosi na pove\u0107anje digitalizacije poslovanja prijavitelja Jam Bucket d.o.o., \u0161to \u0107e omogu\u0107iti olak\u0161avanje daljnjeg rasta i razvoja poslovanja i pro\u0161irenje horizonta poslovanja. Digitalni marketing za svoju osnovu ima web stranicu te je izvrsna komponenta marketinga koja nudi mogu\u0107nosti za pove\u0107anje vidljivosti proizvoda i usluga kao i prepoznatljivosti. Ulaganjem u izradu web stranice i novih funkcionalnosti sustava upravljanja sadr\u017eajem i analitike stvoriti \u0107e se kompetitivna prednost u odnosu na konkurenciju i omogu\u0107iti smanjenje ro\u0161kova ogla\u0161avanja. Zaposlenici \u0107e stjecati nove digitalne vje\u0161tine te biti efikasniji i tako\u0111er kompetitivniji, lak\u0161e \u0107e se plasirati usluga na tr\u017ei\u0161te, biti bolji i olak\u0161an pristup istima, uz pobolj\u0161ano vrijeme odaziva.<\/p><\/div><\/div><div class=\"elementor-element elementor-element-1bf3844 elementor-widget elementor-widget-heading\" data-id=\"1bf3844\" data-element_type=\"widget\" data-widget_type=\"heading.default\"><div class=\"elementor-widget-container\"><h2 class=\"elementor-heading-title elementor-size-default\">Cilj projekta:<\/h2><\/div><\/div><div class=\"elementor-element elementor-element-bd2c499 elementor-widget elementor-widget-text-editor\" data-id=\"bd2c499\" data-element_type=\"widget\" data-widget_type=\"text-editor.default\"><div class=\"elementor-widget-container\">Cilj projekta je doprinos digitalizacije konkurentnosti poduze\u0107a kroz pove\u0107anje efikasnosti, kori\u0161tenje novih tehnologija\/trendova tr\u017ei\u0161ta, izgradnju digitalnih kapaciteta zaposlenika, rast na novim tr\u017ei\u0161tima i pove\u0107anje prihoda. Izradom web stranice pove\u0107at \u0107e se kvaliteta usluga prijavitelja i pove\u0107ati \u0107e se njihova vidljivost i pristupa\u010dnost krajnjem korisniku \u0161to \u0107e izgledno imati pozitivan zna\u010daj u privla\u010denju novih interesenta u usluge prijavitelja kao \u0161to \u0107e doprinijeti i prepoznatljivosti tvrtke.<\/div><\/div><div class=\"elementor-element elementor-element-3f99ecc elementor-widget elementor-widget-heading\" data-id=\"3f99ecc\" data-element_type=\"widget\" data-widget_type=\"heading.default\"><div class=\"elementor-widget-container\"><h2 class=\"elementor-heading-title elementor-size-default\">Rezultati projekta:<\/h2><\/div><\/div><div class=\"elementor-element elementor-element-e1e265a elementor-widget elementor-widget-text-editor\" data-id=\"e1e265a\" data-element_type=\"widget\" data-widget_type=\"text-editor.default\"><div class=\"elementor-widget-container\"><ul><li>uspje\u0161no implementiran jedan projekt dodjele vau\u010dera za digitalni marketing;<\/li><li>izra\u0111ena, razvijena dizajnirana, nadogra\u0111ena novim funkcionalnostima i implementirana web stranica tvrtke Jam Bucket d.o.o. s novim funkcionalnostima<\/li><li>tiskan jedan plakat s informacijama o projektu i propisanim elementima vidljivosti<\/li><li>odslu\u0161ane edukacije za djelatnika prijavitelja za ure\u0111ivanje web stranice<\/li><\/ul><\/div><\/div><div class=\"elementor-element elementor-element-16164f7 elementor-widget elementor-widget-text-editor\" data-id=\"16164f7\" data-element_type=\"widget\" data-widget_type=\"text-editor.default\"><div>\u00a0<\/div><div class=\"elementor-widget-container\">Ukupna vrijednost projekta:\u00a0<strong>6.150,00 EUR + PDV<\/strong><br \/>Iznos EU sufinanciranja:\u00a0<strong>3.690,00 EUR + PDV<\/strong><br \/>Razdoblje provedbe projekta:\u00a0<strong>10.07.2024. \u2013 19.11.2024.<\/strong><\/div><\/div>\t\t\t\t\t\t<\/div>\n\t\t\t\t<\/div>\n\t\t<div class=\"elementor-element elementor-element-7cbad47 e-con-full e-flex e-con e-child\" data-id=\"7cbad47\" data-element_type=\"container\">\n\t\t<div class=\"elementor-element elementor-element-3e44c46 e-con-full e-flex e-con e-child\" data-id=\"3e44c46\" data-element_type=\"container\">\n\t\t\t\t<div class=\"elementor-element elementor-element-4f33c72 elementor-widget elementor-widget-image\" data-id=\"4f33c72\" data-element_type=\"widget\" data-widget_type=\"image.default\">\n\t\t\t\t<div class=\"elementor-widget-container\">\n\t\t\t\t\t\t\t\t\t\t\t\t\t<img fetchpriority=\"high\" decoding=\"async\" width=\"800\" height=\"226\" src=\"https:\/\/jambucket.hr\/wp-content\/smush-webp\/2024\/12\/HR_Financira_Europska_unija_RGB_NEG-1024x289.png.webp\" class=\"attachment-large size-large wp-image-1395\" alt=\"\" srcset=\"https:\/\/jambucket.hr\/wp-content\/smush-webp\/2024\/12\/HR_Financira_Europska_unija_RGB_NEG-1024x289.png.webp 1024w, https:\/\/jambucket.hr\/wp-content\/smush-webp\/2024\/12\/HR_Financira_Europska_unija_RGB_NEG-300x85.png.webp 300w, https:\/\/jambucket.hr\/wp-content\/smush-webp\/2024\/12\/HR_Financira_Europska_unija_RGB_NEG-768x216.png.webp 768w, https:\/\/jambucket.hr\/wp-content\/smush-webp\/2024\/12\/HR_Financira_Europska_unija_RGB_NEG-1536x433.png.webp 1536w, https:\/\/jambucket.hr\/wp-content\/smush-webp\/2024\/12\/HR_Financira_Europska_unija_RGB_NEG-2048x577.png.webp 2048w, https:\/\/jambucket.hr\/wp-content\/smush-webp\/2024\/12\/HR_Financira_Europska_unija_RGB_NEG-18x5.png.webp 18w\" sizes=\"(max-width: 800px) 100vw, 800px\" \/>\t\t\t\t\t\t\t\t\t\t\t\t\t<\/div>\n\t\t\t\t<\/div>\n\t\t\t\t<\/div>\n\t\t<div class=\"elementor-element elementor-element-b02a2a6 e-con-full e-flex e-con e-child\" data-id=\"b02a2a6\" data-element_type=\"container\">\n\t\t\t\t<div class=\"elementor-element elementor-element-ac0485b blog-content-container elementor-widget elementor-widget-text-editor\" data-id=\"ac0485b\" data-element_type=\"widget\" data-widget_type=\"text-editor.default\">\n\t\t\t\t<div class=\"elementor-widget-container\">\n\t\t\t\t\t\t\t<p>Sadr\u017eaj ovog materijala isklju\u010diva je odgovornost Jam Bucket d.o.o.<\/p><p>\u201cFinancira Europska unija \u2013 NextGenerationEU. Izneseni stavovi i mi\u0161ljenja samo su autorova i ne odra\u017eavaju nu\u017eno slu\u017ebena stajali\u0161ta Europske unije ili Europske komisije. Ni Europska unija ni Europska komisija ne mogu se smatrati odgovornima za njih.\u201d\u00a0<\/p>\t\t\t\t\t\t<\/div>\n\t\t\t\t<\/div>\n\t\t\t\t<\/div>\n\t\t\t\t<\/div>\n\t\t\t\t<\/div>\n\t\t\t\t\t<\/div>\n\t\t\t\t<\/div>\n\t\t\t\t<\/div>","protected":false},"excerpt":{"rendered":"<p>Projekt &#8220;Vau\u010deri za digitalizaciju&#8221; Referentni broj: NPOO.C1.1.2. R3-12.01 Kratki opis projekta: Projekt se odnosi na pove\u0107anje digitalizacije poslovanja prijavitelja Jam Bucket d.o.o., \u0161to \u0107e omogu\u0107iti olak\u0161avanje daljnjeg rasta i razvoja poslovanja i pro\u0161irenje horizonta poslovanja. Digitalni marketing za svoju osnovu ima web stranicu te je izvrsna komponenta marketinga koja nudi mogu\u0107nosti za pove\u0107anje vidljivosti proizvoda [&hellip;]<\/p>","protected":false},"author":1,"featured_media":374,"parent":0,"menu_order":0,"comment_status":"closed","ping_status":"closed","template":"elementor_header_footer","meta":{"_acf_changed":false,"inline_featured_image":false,"footnotes":""},"class_list":["post-1390","page","type-page","status-publish","has-post-thumbnail","hentry"],"acf":[],"yoast_head":"<!-- This site is optimized with the Yoast SEO plugin v24.0 - https:\/\/yoast.com\/wordpress\/plugins\/seo\/ -->\n<title>Jam Bucket - EU projekti<\/title>\n<meta name=\"robots\" content=\"index, follow, max-snippet:-1, max-image-preview:large, max-video-preview:-1\" \/>\n<link rel=\"canonical\" href=\"https:\/\/jambucket.hr\/en\/financira-europska-unija-next-generation-eu\/\" \/>\n<meta property=\"og:locale\" content=\"en_GB\" \/>\n<meta property=\"og:type\" content=\"article\" \/>\n<meta property=\"og:title\" content=\"Jam Bucket - EU projekti\" \/>\n<meta property=\"og:description\" content=\"Projekt &#8220;Vau\u010deri za digitalizaciju&#8221; Referentni broj: NPOO.C1.1.2. R3-12.01 Kratki opis projekta: Projekt se odnosi na pove\u0107anje digitalizacije poslovanja prijavitelja Jam Bucket d.o.o., \u0161to \u0107e omogu\u0107iti olak\u0161avanje daljnjeg rasta i razvoja poslovanja i pro\u0161irenje horizonta poslovanja. Digitalni marketing za svoju osnovu ima web stranicu te je izvrsna komponenta marketinga koja nudi mogu\u0107nosti za pove\u0107anje vidljivosti proizvoda [&hellip;]\" \/>\n<meta property=\"og:url\" content=\"https:\/\/jambucket.hr\/en\/financira-europska-unija-next-generation-eu\/\" \/>\n<meta property=\"og:site_name\" content=\"Jam Bucket\" \/>\n<meta property=\"article:modified_time\" content=\"2024-12-09T11:25:15+00:00\" \/>\n<meta property=\"og:image\" content=\"https:\/\/jambucket.hr\/wp-content\/uploads\/2024\/07\/eu-flag.png\" \/>\n\t<meta property=\"og:image:width\" content=\"150\" \/>\n\t<meta property=\"og:image:height\" content=\"100\" \/>\n\t<meta property=\"og:image:type\" content=\"image\/png\" \/>\n<meta name=\"twitter:card\" content=\"summary_large_image\" \/>\n<meta name=\"twitter:label1\" content=\"Estimated reading time\" \/>\n\t<meta name=\"twitter:data1\" content=\"4 minutes\" \/>\n<script type=\"application\/ld+json\" class=\"yoast-schema-graph\">{\"@context\":\"https:\/\/schema.org\",\"@graph\":[{\"@type\":\"WebPage\",\"@id\":\"https:\/\/jambucket.hr\/financira-europska-unija-next-generation-eu\/\",\"url\":\"https:\/\/jambucket.hr\/financira-europska-unija-next-generation-eu\/\",\"name\":\"Jam Bucket - EU projekti\",\"isPartOf\":{\"@id\":\"https:\/\/jambucket.hr\/#website\"},\"primaryImageOfPage\":{\"@id\":\"https:\/\/jambucket.hr\/financira-europska-unija-next-generation-eu\/#primaryimage\"},\"image\":{\"@id\":\"https:\/\/jambucket.hr\/financira-europska-unija-next-generation-eu\/#primaryimage\"},\"thumbnailUrl\":\"https:\/\/jambucket.hr\/wp-content\/uploads\/2024\/07\/eu-flag.png\",\"datePublished\":\"2024-12-09T07:35:18+00:00\",\"dateModified\":\"2024-12-09T11:25:15+00:00\",\"breadcrumb\":{\"@id\":\"https:\/\/jambucket.hr\/financira-europska-unija-next-generation-eu\/#breadcrumb\"},\"inLanguage\":\"en-GB\",\"potentialAction\":[{\"@type\":\"ReadAction\",\"target\":[\"https:\/\/jambucket.hr\/financira-europska-unija-next-generation-eu\/\"]}]},{\"@type\":\"ImageObject\",\"inLanguage\":\"en-GB\",\"@id\":\"https:\/\/jambucket.hr\/financira-europska-unija-next-generation-eu\/#primaryimage\",\"url\":\"https:\/\/jambucket.hr\/wp-content\/uploads\/2024\/07\/eu-flag.png\",\"contentUrl\":\"https:\/\/jambucket.hr\/wp-content\/uploads\/2024\/07\/eu-flag.png\",\"width\":150,\"height\":100},{\"@type\":\"BreadcrumbList\",\"@id\":\"https:\/\/jambucket.hr\/financira-europska-unija-next-generation-eu\/#breadcrumb\",\"itemListElement\":[{\"@type\":\"ListItem\",\"position\":1,\"name\":\"Po\u010detna stranica\",\"item\":\"https:\/\/jambucket.hr\/\"},{\"@type\":\"ListItem\",\"position\":2,\"name\":\"EU projekti\"}]},{\"@type\":\"WebSite\",\"@id\":\"https:\/\/jambucket.hr\/#website\",\"url\":\"https:\/\/jambucket.hr\/\",\"name\":\"Jam Bucket\",\"description\":\"\",\"publisher\":{\"@id\":\"https:\/\/jambucket.hr\/#organization\"},\"potentialAction\":[{\"@type\":\"SearchAction\",\"target\":{\"@type\":\"EntryPoint\",\"urlTemplate\":\"https:\/\/jambucket.hr\/?s={search_term_string}\"},\"query-input\":{\"@type\":\"PropertyValueSpecification\",\"valueRequired\":true,\"valueName\":\"search_term_string\"}}],\"inLanguage\":\"en-GB\"},{\"@type\":\"Organization\",\"@id\":\"https:\/\/jambucket.hr\/#organization\",\"name\":\"Jam Bucket\",\"url\":\"https:\/\/jambucket.hr\/\",\"logo\":{\"@type\":\"ImageObject\",\"inLanguage\":\"en-GB\",\"@id\":\"https:\/\/jambucket.hr\/#\/schema\/logo\/image\/\",\"url\":\"https:\/\/jambucket.hr\/wp-content\/uploads\/2024\/12\/jam-bucket-full-logo-black.svg\",\"contentUrl\":\"https:\/\/jambucket.hr\/wp-content\/uploads\/2024\/12\/jam-bucket-full-logo-black.svg\",\"width\":100,\"height\":60,\"caption\":\"Jam Bucket\"},\"image\":{\"@id\":\"https:\/\/jambucket.hr\/#\/schema\/logo\/image\/\"}}]}<\/script>\n<!-- \/ Yoast SEO plugin. -->","yoast_head_json":{"title":"Jam Bucket - EU projekti","robots":{"index":"index","follow":"follow","max-snippet":"max-snippet:-1","max-image-preview":"max-image-preview:large","max-video-preview":"max-video-preview:-1"},"canonical":"https:\/\/jambucket.hr\/en\/financira-europska-unija-next-generation-eu\/","og_locale":"en_GB","og_type":"article","og_title":"Jam Bucket - EU projekti","og_description":"Projekt &#8220;Vau\u010deri za digitalizaciju&#8221; Referentni broj: NPOO.C1.1.2. R3-12.01 Kratki opis projekta: Projekt se odnosi na pove\u0107anje digitalizacije poslovanja prijavitelja Jam Bucket d.o.o., \u0161to \u0107e omogu\u0107iti olak\u0161avanje daljnjeg rasta i razvoja poslovanja i pro\u0161irenje horizonta poslovanja. Digitalni marketing za svoju osnovu ima web stranicu te je izvrsna komponenta marketinga koja nudi mogu\u0107nosti za pove\u0107anje vidljivosti proizvoda [&hellip;]","og_url":"https:\/\/jambucket.hr\/en\/financira-europska-unija-next-generation-eu\/","og_site_name":"Jam Bucket","article_modified_time":"2024-12-09T11:25:15+00:00","og_image":[{"width":150,"height":100,"url":"https:\/\/jambucket.hr\/wp-content\/uploads\/2024\/07\/eu-flag.png","type":"image\/png"}],"twitter_card":"summary_large_image","twitter_misc":{"Estimated reading time":"4 minutes"},"schema":{"@context":"https:\/\/schema.org","@graph":[{"@type":"WebPage","@id":"https:\/\/jambucket.hr\/financira-europska-unija-next-generation-eu\/","url":"https:\/\/jambucket.hr\/financira-europska-unija-next-generation-eu\/","name":"Jam Bucket - EU projekti","isPartOf":{"@id":"https:\/\/jambucket.hr\/#website"},"primaryImageOfPage":{"@id":"https:\/\/jambucket.hr\/financira-europska-unija-next-generation-eu\/#primaryimage"},"image":{"@id":"https:\/\/jambucket.hr\/financira-europska-unija-next-generation-eu\/#primaryimage"},"thumbnailUrl":"https:\/\/jambucket.hr\/wp-content\/uploads\/2024\/07\/eu-flag.png","datePublished":"2024-12-09T07:35:18+00:00","dateModified":"2024-12-09T11:25:15+00:00","breadcrumb":{"@id":"https:\/\/jambucket.hr\/financira-europska-unija-next-generation-eu\/#breadcrumb"},"inLanguage":"en-GB","potentialAction":[{"@type":"ReadAction","target":["https:\/\/jambucket.hr\/financira-europska-unija-next-generation-eu\/"]}]},{"@type":"ImageObject","inLanguage":"en-GB","@id":"https:\/\/jambucket.hr\/financira-europska-unija-next-generation-eu\/#primaryimage","url":"https:\/\/jambucket.hr\/wp-content\/uploads\/2024\/07\/eu-flag.png","contentUrl":"https:\/\/jambucket.hr\/wp-content\/uploads\/2024\/07\/eu-flag.png","width":150,"height":100},{"@type":"BreadcrumbList","@id":"https:\/\/jambucket.hr\/financira-europska-unija-next-generation-eu\/#breadcrumb","itemListElement":[{"@type":"ListItem","position":1,"name":"Po\u010detna stranica","item":"https:\/\/jambucket.hr\/"},{"@type":"ListItem","position":2,"name":"EU projekti"}]},{"@type":"WebSite","@id":"https:\/\/jambucket.hr\/#website","url":"https:\/\/jambucket.hr\/","name":"Jam Bucket","description":"","publisher":{"@id":"https:\/\/jambucket.hr\/#organization"},"potentialAction":[{"@type":"SearchAction","target":{"@type":"EntryPoint","urlTemplate":"https:\/\/jambucket.hr\/?s={search_term_string}"},"query-input":{"@type":"PropertyValueSpecification","valueRequired":true,"valueName":"search_term_string"}}],"inLanguage":"en-GB"},{"@type":"Organization","@id":"https:\/\/jambucket.hr\/#organization","name":"Jam Bucket","url":"https:\/\/jambucket.hr\/","logo":{"@type":"ImageObject","inLanguage":"en-GB","@id":"https:\/\/jambucket.hr\/#\/schema\/logo\/image\/","url":"https:\/\/jambucket.hr\/wp-content\/uploads\/2024\/12\/jam-bucket-full-logo-black.svg","contentUrl":"https:\/\/jambucket.hr\/wp-content\/uploads\/2024\/12\/jam-bucket-full-logo-black.svg","width":100,"height":60,"caption":"Jam Bucket"},"image":{"@id":"https:\/\/jambucket.hr\/#\/schema\/logo\/image\/"}}]}},"_links":{"self":[{"href":"https:\/\/jambucket.hr\/en\/wp-json\/wp\/v2\/pages\/1390","targetHints":{"allow":["GET"]}}],"collection":[{"href":"https:\/\/jambucket.hr\/en\/wp-json\/wp\/v2\/pages"}],"about":[{"href":"https:\/\/jambucket.hr\/en\/wp-json\/wp\/v2\/types\/page"}],"author":[{"embeddable":true,"href":"https:\/\/jambucket.hr\/en\/wp-json\/wp\/v2\/users\/1"}],"replies":[{"embeddable":true,"href":"https:\/\/jambucket.hr\/en\/wp-json\/wp\/v2\/comments?post=1390"}],"version-history":[{"count":26,"href":"https:\/\/jambucket.hr\/en\/wp-json\/wp\/v2\/pages\/1390\/revisions"}],"predecessor-version":[{"id":1420,"href":"https:\/\/jambucket.hr\/en\/wp-json\/wp\/v2\/pages\/1390\/revisions\/1420"}],"wp:featuredmedia":[{"embeddable":true,"href":"https:\/\/jambucket.hr\/en\/wp-json\/wp\/v2\/media\/374"}],"wp:attachment":[{"href":"https:\/\/jambucket.hr\/en\/wp-json\/wp\/v2\/media?parent=1390"}],"curies":[{"name":"wp","href":"https:\/\/api.w.org\/{rel}","templated":true}]}}