{"id":1421,"date":"2024-12-12T08:04:04","date_gmt":"2024-12-12T07:04:04","guid":{"rendered":"https:\/\/jambucket.hr\/?page_id=1421"},"modified":"2024-12-12T09:33:50","modified_gmt":"2024-12-12T08:33:50","slug":"podaci-o-tvrtki","status":"publish","type":"page","link":"https:\/\/jambucket.hr\/en\/podaci-o-tvrtki\/","title":{"rendered":"Company details"},"content":{"rendered":"<div data-elementor-type=\"wp-page\" data-elementor-id=\"1421\" class=\"elementor elementor-1421\" data-elementor-post-type=\"page\">\n\t\t\t\t<div class=\"elementor-element elementor-element-cabd17b e-flex e-con-boxed e-con e-parent\" data-id=\"cabd17b\" data-element_type=\"container\">\n\t\t\t\t\t<div class=\"e-con-inner\">\n\t\t<div class=\"elementor-element elementor-element-352e613 e-con-full e-flex e-con e-child\" data-id=\"352e613\" data-element_type=\"container\">\n\t\t\t\t<div class=\"elementor-element elementor-element-a2be2eb elementor-widget__width-inherit elementor-widget elementor-widget-theme-post-title elementor-page-title elementor-widget-heading\" data-id=\"a2be2eb\" data-element_type=\"widget\" data-widget_type=\"theme-post-title.default\">\n\t\t\t\t<div class=\"elementor-widget-container\">\n\t\t\t<h1 class=\"elementor-heading-title elementor-size-default\">Company details<\/h1>\t\t<\/div>\n\t\t\t\t<\/div>\n\t\t\t\t<div class=\"elementor-element elementor-element-df5f6d7 blog-content-container elementor-widget__width-initial elementor-widget elementor-widget-text-editor\" data-id=\"df5f6d7\" data-element_type=\"widget\" data-widget_type=\"text-editor.default\">\n\t\t\t\t<div class=\"elementor-widget-container\">\n\t\t\t\t\t\t\t<div class=\"HighlightSol HighlightSol--buildingBlock TypographyPresentation TypographyPresentation--medium RichText3-paragraph--withVSpacingNormal RichText3-paragraph\"><p><strong>Name:<\/strong> JAM BUCKET d.o.o.<\/p><\/div><div class=\"HighlightSol HighlightSol--buildingBlock TypographyPresentation TypographyPresentation--medium RichText3-paragraph--withVSpacingNormal RichText3-paragraph\"><p><strong>Adress:<\/strong> Srebrnjak 38, Zagreb<\/p><\/div><div class=\"HighlightSol HighlightSol--buildingBlock TypographyPresentation TypographyPresentation--medium RichText3-paragraph--withVSpacingNormal RichText3-paragraph\"><p><strong>Persons authorized to represent:<\/strong> Nenad Zlamal, director and Natalija Bome\u0161tar Zlamal, procurator<\/p><\/div><div class=\"HighlightSol HighlightSol--buildingBlock TypographyPresentation TypographyPresentation--medium RichText3-paragraph--withVSpacingNormal RichText3-paragraph\"><p><strong>Bank account:<\/strong> HR3524020061101072782<\/p><\/div><div class=\"HighlightSol HighlightSol--buildingBlock TypographyPresentation TypographyPresentation--medium RichText3-paragraph--withVSpacingNormal RichText3-paragraph\"><p><strong>Identification number:<\/strong> 30647246350<\/p><\/div><div class=\"HighlightSol HighlightSol--buildingBlock TypographyPresentation TypographyPresentation--medium RichText3-paragraph--withVSpacingNormal RichText3-paragraph\"><strong>SWIFT:<\/strong> Erste&amp;Steierm\u00e4rkische Bank ESBCHR22<\/div>\t\t\t\t\t\t<\/div>\n\t\t\t\t<\/div>\n\t\t\t\t<\/div>\n\t\t\t\t\t<\/div>\n\t\t\t\t<\/div>\n\t\t\t\t<\/div>","protected":false},"excerpt":{"rendered":"<p>Naziv: JAM BUCKET d.o.o. Sjedi\u0161te: Srebrnjak 38, Zagreb Osobe ovla\u0161tene za zastupanje: Nenad Zlamal, direktor i Natalija Bome\u0161tar Zlamal, prokurist Broj bankovnog ra\u010duna: HR3524020061101072782 OIB: 30647246350 Swift broj: Erste&amp;Steierm\u00e4rkische Bank ESBCHR22<\/p>","protected":false},"author":1,"featured_media":777,"parent":0,"menu_order":0,"comment_status":"closed","ping_status":"closed","template":"elementor_header_footer","meta":{"_acf_changed":false,"inline_featured_image":false,"footnotes":""},"class_list":["post-1421","page","type-page","status-publish","has-post-thumbnail","hentry"],"acf":[],"yoast_head":"<!-- This site is optimized with the Yoast SEO plugin v24.0 - https:\/\/yoast.com\/wordpress\/plugins\/seo\/ -->\n<title>Jam Bucket - Podaci o tvrtki<\/title>\n<meta name=\"robots\" content=\"index, follow, max-snippet:-1, max-image-preview:large, max-video-preview:-1\" \/>\n<link rel=\"canonical\" href=\"https:\/\/jambucket.hr\/en\/podaci-o-tvrtki\/\" \/>\n<meta property=\"og:locale\" content=\"en_GB\" \/>\n<meta property=\"og:type\" content=\"article\" \/>\n<meta property=\"og:title\" content=\"Jam Bucket - Podaci o tvrtki\" \/>\n<meta property=\"og:description\" content=\"Naziv: JAM BUCKET d.o.o. Sjedi\u0161te: Srebrnjak 38, Zagreb Osobe ovla\u0161tene za zastupanje: Nenad Zlamal, direktor i Natalija Bome\u0161tar Zlamal, prokurist Broj bankovnog ra\u010duna: HR3524020061101072782 OIB: 30647246350 Swift broj: Erste&amp;Steierm\u00e4rkische Bank ESBCHR22\" \/>\n<meta property=\"og:url\" content=\"https:\/\/jambucket.hr\/en\/podaci-o-tvrtki\/\" \/>\n<meta property=\"og:site_name\" content=\"Jam Bucket\" \/>\n<meta property=\"article:modified_time\" content=\"2024-12-12T08:33:50+00:00\" \/>\n<meta property=\"og:image\" content=\"https:\/\/jambucket.hr\/wp-content\/uploads\/2024\/11\/project-manager-hero-cover.jpg\" \/>\n\t<meta property=\"og:image:width\" content=\"1920\" \/>\n\t<meta property=\"og:image:height\" content=\"1536\" \/>\n\t<meta property=\"og:image:type\" content=\"image\/jpeg\" \/>\n<meta name=\"twitter:card\" content=\"summary_large_image\" \/>\n<meta name=\"twitter:label1\" content=\"Estimated reading time\" \/>\n\t<meta name=\"twitter:data1\" content=\"1 minute\" \/>\n<script type=\"application\/ld+json\" class=\"yoast-schema-graph\">{\"@context\":\"https:\/\/schema.org\",\"@graph\":[{\"@type\":\"WebPage\",\"@id\":\"https:\/\/jambucket.hr\/podaci-o-tvrtki\/\",\"url\":\"https:\/\/jambucket.hr\/podaci-o-tvrtki\/\",\"name\":\"Jam Bucket - Podaci o tvrtki\",\"isPartOf\":{\"@id\":\"https:\/\/jambucket.hr\/#website\"},\"primaryImageOfPage\":{\"@id\":\"https:\/\/jambucket.hr\/podaci-o-tvrtki\/#primaryimage\"},\"image\":{\"@id\":\"https:\/\/jambucket.hr\/podaci-o-tvrtki\/#primaryimage\"},\"thumbnailUrl\":\"https:\/\/jambucket.hr\/wp-content\/uploads\/2024\/11\/project-manager-hero-cover.jpg\",\"datePublished\":\"2024-12-12T07:04:04+00:00\",\"dateModified\":\"2024-12-12T08:33:50+00:00\",\"breadcrumb\":{\"@id\":\"https:\/\/jambucket.hr\/podaci-o-tvrtki\/#breadcrumb\"},\"inLanguage\":\"en-GB\",\"potentialAction\":[{\"@type\":\"ReadAction\",\"target\":[\"https:\/\/jambucket.hr\/podaci-o-tvrtki\/\"]}]},{\"@type\":\"ImageObject\",\"inLanguage\":\"en-GB\",\"@id\":\"https:\/\/jambucket.hr\/podaci-o-tvrtki\/#primaryimage\",\"url\":\"https:\/\/jambucket.hr\/wp-content\/uploads\/2024\/11\/project-manager-hero-cover.jpg\",\"contentUrl\":\"https:\/\/jambucket.hr\/wp-content\/uploads\/2024\/11\/project-manager-hero-cover.jpg\",\"width\":1920,\"height\":1536},{\"@type\":\"BreadcrumbList\",\"@id\":\"https:\/\/jambucket.hr\/podaci-o-tvrtki\/#breadcrumb\",\"itemListElement\":[{\"@type\":\"ListItem\",\"position\":1,\"name\":\"Po\u010detna stranica\",\"item\":\"https:\/\/jambucket.hr\/\"},{\"@type\":\"ListItem\",\"position\":2,\"name\":\"Podaci o tvrtki\"}]},{\"@type\":\"WebSite\",\"@id\":\"https:\/\/jambucket.hr\/#website\",\"url\":\"https:\/\/jambucket.hr\/\",\"name\":\"Jam Bucket\",\"description\":\"\",\"publisher\":{\"@id\":\"https:\/\/jambucket.hr\/#organization\"},\"potentialAction\":[{\"@type\":\"SearchAction\",\"target\":{\"@type\":\"EntryPoint\",\"urlTemplate\":\"https:\/\/jambucket.hr\/?s={search_term_string}\"},\"query-input\":{\"@type\":\"PropertyValueSpecification\",\"valueRequired\":true,\"valueName\":\"search_term_string\"}}],\"inLanguage\":\"en-GB\"},{\"@type\":\"Organization\",\"@id\":\"https:\/\/jambucket.hr\/#organization\",\"name\":\"Jam Bucket\",\"url\":\"https:\/\/jambucket.hr\/\",\"logo\":{\"@type\":\"ImageObject\",\"inLanguage\":\"en-GB\",\"@id\":\"https:\/\/jambucket.hr\/#\/schema\/logo\/image\/\",\"url\":\"https:\/\/jambucket.hr\/wp-content\/uploads\/2024\/12\/jam-bucket-full-logo-black.svg\",\"contentUrl\":\"https:\/\/jambucket.hr\/wp-content\/uploads\/2024\/12\/jam-bucket-full-logo-black.svg\",\"width\":100,\"height\":60,\"caption\":\"Jam Bucket\"},\"image\":{\"@id\":\"https:\/\/jambucket.hr\/#\/schema\/logo\/image\/\"}}]}<\/script>\n<!-- \/ Yoast SEO plugin. -->","yoast_head_json":{"title":"Jam Bucket - Podaci o tvrtki","robots":{"index":"index","follow":"follow","max-snippet":"max-snippet:-1","max-image-preview":"max-image-preview:large","max-video-preview":"max-video-preview:-1"},"canonical":"https:\/\/jambucket.hr\/en\/podaci-o-tvrtki\/","og_locale":"en_GB","og_type":"article","og_title":"Jam Bucket - Podaci o tvrtki","og_description":"Naziv: JAM BUCKET d.o.o. Sjedi\u0161te: Srebrnjak 38, Zagreb Osobe ovla\u0161tene za zastupanje: Nenad Zlamal, direktor i Natalija Bome\u0161tar Zlamal, prokurist Broj bankovnog ra\u010duna: HR3524020061101072782 OIB: 30647246350 Swift broj: Erste&amp;Steierm\u00e4rkische Bank ESBCHR22","og_url":"https:\/\/jambucket.hr\/en\/podaci-o-tvrtki\/","og_site_name":"Jam Bucket","article_modified_time":"2024-12-12T08:33:50+00:00","og_image":[{"width":1920,"height":1536,"url":"https:\/\/jambucket.hr\/wp-content\/uploads\/2024\/11\/project-manager-hero-cover.jpg","type":"image\/jpeg"}],"twitter_card":"summary_large_image","twitter_misc":{"Estimated reading time":"1 minute"},"schema":{"@context":"https:\/\/schema.org","@graph":[{"@type":"WebPage","@id":"https:\/\/jambucket.hr\/podaci-o-tvrtki\/","url":"https:\/\/jambucket.hr\/podaci-o-tvrtki\/","name":"Jam Bucket - Podaci o tvrtki","isPartOf":{"@id":"https:\/\/jambucket.hr\/#website"},"primaryImageOfPage":{"@id":"https:\/\/jambucket.hr\/podaci-o-tvrtki\/#primaryimage"},"image":{"@id":"https:\/\/jambucket.hr\/podaci-o-tvrtki\/#primaryimage"},"thumbnailUrl":"https:\/\/jambucket.hr\/wp-content\/uploads\/2024\/11\/project-manager-hero-cover.jpg","datePublished":"2024-12-12T07:04:04+00:00","dateModified":"2024-12-12T08:33:50+00:00","breadcrumb":{"@id":"https:\/\/jambucket.hr\/podaci-o-tvrtki\/#breadcrumb"},"inLanguage":"en-GB","potentialAction":[{"@type":"ReadAction","target":["https:\/\/jambucket.hr\/podaci-o-tvrtki\/"]}]},{"@type":"ImageObject","inLanguage":"en-GB","@id":"https:\/\/jambucket.hr\/podaci-o-tvrtki\/#primaryimage","url":"https:\/\/jambucket.hr\/wp-content\/uploads\/2024\/11\/project-manager-hero-cover.jpg","contentUrl":"https:\/\/jambucket.hr\/wp-content\/uploads\/2024\/11\/project-manager-hero-cover.jpg","width":1920,"height":1536},{"@type":"BreadcrumbList","@id":"https:\/\/jambucket.hr\/podaci-o-tvrtki\/#breadcrumb","itemListElement":[{"@type":"ListItem","position":1,"name":"Po\u010detna stranica","item":"https:\/\/jambucket.hr\/"},{"@type":"ListItem","position":2,"name":"Podaci o tvrtki"}]},{"@type":"WebSite","@id":"https:\/\/jambucket.hr\/#website","url":"https:\/\/jambucket.hr\/","name":"Jam Bucket","description":"","publisher":{"@id":"https:\/\/jambucket.hr\/#organization"},"potentialAction":[{"@type":"SearchAction","target":{"@type":"EntryPoint","urlTemplate":"https:\/\/jambucket.hr\/?s={search_term_string}"},"query-input":{"@type":"PropertyValueSpecification","valueRequired":true,"valueName":"search_term_string"}}],"inLanguage":"en-GB"},{"@type":"Organization","@id":"https:\/\/jambucket.hr\/#organization","name":"Jam Bucket","url":"https:\/\/jambucket.hr\/","logo":{"@type":"ImageObject","inLanguage":"en-GB","@id":"https:\/\/jambucket.hr\/#\/schema\/logo\/image\/","url":"https:\/\/jambucket.hr\/wp-content\/uploads\/2024\/12\/jam-bucket-full-logo-black.svg","contentUrl":"https:\/\/jambucket.hr\/wp-content\/uploads\/2024\/12\/jam-bucket-full-logo-black.svg","width":100,"height":60,"caption":"Jam Bucket"},"image":{"@id":"https:\/\/jambucket.hr\/#\/schema\/logo\/image\/"}}]}},"_links":{"self":[{"href":"https:\/\/jambucket.hr\/en\/wp-json\/wp\/v2\/pages\/1421","targetHints":{"allow":["GET"]}}],"collection":[{"href":"https:\/\/jambucket.hr\/en\/wp-json\/wp\/v2\/pages"}],"about":[{"href":"https:\/\/jambucket.hr\/en\/wp-json\/wp\/v2\/types\/page"}],"author":[{"embeddable":true,"href":"https:\/\/jambucket.hr\/en\/wp-json\/wp\/v2\/users\/1"}],"replies":[{"embeddable":true,"href":"https:\/\/jambucket.hr\/en\/wp-json\/wp\/v2\/comments?post=1421"}],"version-history":[{"count":10,"href":"https:\/\/jambucket.hr\/en\/wp-json\/wp\/v2\/pages\/1421\/revisions"}],"predecessor-version":[{"id":1433,"href":"https:\/\/jambucket.hr\/en\/wp-json\/wp\/v2\/pages\/1421\/revisions\/1433"}],"wp:featuredmedia":[{"embeddable":true,"href":"https:\/\/jambucket.hr\/en\/wp-json\/wp\/v2\/media\/777"}],"wp:attachment":[{"href":"https:\/\/jambucket.hr\/en\/wp-json\/wp\/v2\/media?parent=1421"}],"curies":[{"name":"wp","href":"https:\/\/api.w.org\/{rel}","templated":true}]}}